{"id":1453,"date":"2024-10-08T09:56:16","date_gmt":"2024-10-08T09:56:16","guid":{"rendered":"https:\/\/fontidisbr.com\/?page_id=1453"},"modified":"2024-10-08T09:56:16","modified_gmt":"2024-10-08T09:56:16","slug":"pliki-cookie","status":"publish","type":"page","link":"https:\/\/fontidisbr.com\/?page_id=1453","title":{"rendered":"Pliki cookie"},"content":{"rendered":"<p>Ta strona u\u017cywa plik\u00f3w cookie, aby poprawi\u0107 komfort u\u017cytkowania. Korzystaj\u0105c z tej witryny, wyra\u017casz zgod\u0119 na u\u017cywanie przez nas plik\u00f3w cookie.<\/p>\n<p>\n            Czym s\u0105 pliki cookie? Pliki cookie to ma\u0142e pliki tekstowe przechowywane na komputerze u\u017cytkownika, kt\u00f3re umo\u017cliwiaj\u0105 witrynom \u015bledzenie i przechowywanie informacji o interakcji u\u017cytkownika z witryn\u0105. Pliki te pomagaj\u0105 nam analizowa\u0107 spos\u00f3b korzystania z naszej witryny i umo\u017cliwiaj\u0105 nam dostarczanie lepszych i bardziej odpowiednich tre\u015bci.\n        <\/p>\n<p>\n            Jakich plik\u00f3w cookie u\u017cywamy? Na naszej stronie internetowej wykorzystujemy nast\u0119puj\u0105ce rodzaje plik\u00f3w cookie:<\/p>\n<p>            &#8211; Niezb\u0119dne pliki cookie: te pliki cookie s\u0105 niezb\u0119dne do dzia\u0142ania naszej witryny i umo\u017cliwiaj\u0105 korzystanie z podstawowych funkcji, takich jak logowanie lub dokonywanie zakup\u00f3w.<\/p>\n<p>            &#8211; Analityczne pliki cookie: te pliki cookie pomagaj\u0105 nam \u015bledzi\u0107 spos\u00f3b korzystania z naszej witryny, dzi\u0119ki czemu mo\u017cemy poprawi\u0107 jej wydajno\u015b\u0107 i zawarto\u015b\u0107.<\/p>\n<p>            &#8211; Reklamowe pliki cookie: te pliki cookie umo\u017cliwiaj\u0105 nam dostarczanie odpowiednich reklam w oparciu o zachowanie u\u017cytkownika w naszej witrynie.\n        <\/p>\n<p>Jak zarz\u0105dza\u0107 plikami cookie? Mo\u017cesz w\u0142\u0105czy\u0107 lub wy\u0142\u0105czy\u0107 pliki cookie na tej stronie. Nale\u017cy jednak pami\u0119ta\u0107, \u017ce wy\u0142\u0105czenie niekt\u00f3rych rodzaj\u00f3w plik\u00f3w cookie mo\u017ce wp\u0142yn\u0105\u0107 na funkcjonalno\u015b\u0107 witryny.<\/p>\n<p>\n            Klikaj\u0105c poni\u017cszy przycisk &#8222;Zgadzam si\u0119&#8221;, wyra\u017casz zgod\u0119 na u\u017cywanie wszystkich rodzaj\u00f3w plik\u00f3w cookie na tej stronie. Je\u015bli nie chcesz wyrazi\u0107 zgody na korzystanie z plik\u00f3w cookie, mo\u017cesz wybra\u0107 opcj\u0119 &#8222;Nie akceptuj\u0119&#8221; i nadal korzysta\u0107 z witryny, jednak niekt\u00f3re funkcje mog\u0105 by\u0107 ograniczone.\n        <\/p>\n<p>Wi\u0119cej informacji na temat naszej polityki prywatno\u015bci i plik\u00f3w cookie mo\u017cna znale\u017a\u0107 na naszej stronie Informacje o prywatno\u015bci.<\/p>\n<p>Dzi\u0119kujemy za zaufanie i korzystanie z naszej strony internetowej.<\/p>\n","protected":false},"excerpt":{"rendered":"<p>Ta strona u\u017cywa plik\u00f3w cookie, aby poprawi\u0107 komfort u\u017cytkowania. Korzystaj\u0105c z tej witryny, wyra\u017casz zgod\u0119 na u\u017cywanie przez nas plik\u00f3w cookie. Czym s\u0105 pliki cookie? Pliki cookie to ma\u0142e pliki&hellip;<\/p>\n","protected":false},"author":1,"featured_media":0,"parent":0,"menu_order":0,"comment_status":"closed","ping_status":"closed","template":"","meta":{"footnotes":""},"class_list":["post-1453","page","type-page","status-publish","hentry"],"_links":{"self":[{"href":"https:\/\/fontidisbr.com\/index.php?rest_route=\/wp\/v2\/pages\/1453","targetHints":{"allow":["GET"]}}],"collection":[{"href":"https:\/\/fontidisbr.com\/index.php?rest_route=\/wp\/v2\/pages"}],"about":[{"href":"https:\/\/fontidisbr.com\/index.php?rest_route=\/wp\/v2\/types\/page"}],"author":[{"embeddable":true,"href":"https:\/\/fontidisbr.com\/index.php?rest_route=\/wp\/v2\/users\/1"}],"replies":[{"embeddable":true,"href":"https:\/\/fontidisbr.com\/index.php?rest_route=%2Fwp%2Fv2%2Fcomments&post=1453"}],"version-history":[{"count":1,"href":"https:\/\/fontidisbr.com\/index.php?rest_route=\/wp\/v2\/pages\/1453\/revisions"}],"predecessor-version":[{"id":1454,"href":"https:\/\/fontidisbr.com\/index.php?rest_route=\/wp\/v2\/pages\/1453\/revisions\/1454"}],"wp:attachment":[{"href":"https:\/\/fontidisbr.com\/index.php?rest_route=%2Fwp%2Fv2%2Fmedia&parent=1453"}],"curies":[{"name":"wp","href":"https:\/\/api.w.org\/{rel}","templated":true}]}}